{"id":375,"date":"2017-12-21T09:41:36","date_gmt":"2017-12-21T08:41:36","guid":{"rendered":"http:\/\/jb-concept.mc\/accueil\/"},"modified":"2020-05-14T08:11:34","modified_gmt":"2020-05-14T06:11:34","slug":"accueil","status":"publish","type":"page","link":"https:\/\/jb-concept.mc\/en\/","title":{"rendered":"Accueil"},"content":{"rendered":"<h1>JBconcept, olfactory branding in Monaco<\/h1>\n<p><strong>JB Concept S.A.R.L.<\/strong> is a Monegasque company, <strong>specializing in olfactory marketing<\/strong>. We operate in partnerships with the <strong>best noses of the Grasse region<\/strong>. <strong>Every client is unique<\/strong>. That is why we pledge that the formula of their choice remains exclusive and confidential.<\/p>\n<p><strong>JB Concept S.A.R.L.<\/strong> provides an all-encompassing range of olfactory marketing, based on the diffuser devices described below.<\/p>\n<p>&nbsp;<\/p>\n<ul>\n<li><a href=\"http:\/\/jb-concept.mc\/en\/fragrances\/\">Fragrances<\/a><\/li>\n<li><a href=\"http:\/\/jb-concept.mc\/en\/olfactory-decoration\/\">Olfactory decorations<\/a><\/li>\n<li><a href=\"http:\/\/jb-concept.mc\/en\/diffuseurs-par-ventilation\/\">Ventilation diffusers<\/a><\/li>\n<li><a href=\"http:\/\/jb-concept.mc\/en\/purificateurs-bio3gen\/\">ScentO3 Sanitizers<\/a><\/li>\n<\/ul>\n","protected":false},"excerpt":{"rendered":"<p>JBconcept, olfactory branding in Monaco JB Concept S.A.R.L. is a Monegasque company, specializing in olfactory marketing. We operate in partnerships with the best noses of the Grasse region. Every client is unique. That is why we pledge that the formula of their choice remains exclusive and confidential. JB Concept S.A.R.L. provides an all-encompassing range of [&hellip;]<\/p>\n","protected":false},"author":1,"featured_media":0,"parent":0,"menu_order":10,"comment_status":"closed","ping_status":"closed","template":"tpl-accueil.php","meta":{"_acf_changed":false,"_monsterinsights_skip_tracking":false,"_monsterinsights_sitenote_active":false,"_monsterinsights_sitenote_note":"","_monsterinsights_sitenote_category":0,"footnotes":""},"class_list":["post-375","page","type-page","status-publish","hentry"],"acf":[],"yoast_head":"<!-- This site is optimized with the Yoast SEO plugin v27.0 - https:\/\/yoast.com\/product\/yoast-seo-wordpress\/ -->\n<title>JBconcept, le marketing olfactif \u00e0 Monaco<\/title>\n<meta name=\"description\" content=\"JBconcept est une entreprise mon\u00e9gasque, cr\u00e9\u00e9e en 2015, sp\u00e9cialis\u00e9e en marketing olfactif. Nous travaillons en partenariat, avec les meilleurs nez de la r\u00e9gion grassoise.\" \/>\n<meta name=\"robots\" content=\"index, follow, max-snippet:-1, max-image-preview:large, max-video-preview:-1\" \/>\n<link rel=\"canonical\" href=\"https:\/\/jb-concept.mc\/en\/\" \/>\n<meta property=\"og:locale\" content=\"en_US\" \/>\n<meta property=\"og:type\" content=\"article\" \/>\n<meta property=\"og:title\" content=\"JBconcept, le marketing olfactif \u00e0 Monaco\" \/>\n<meta property=\"og:description\" content=\"JBconcept est une entreprise mon\u00e9gasque, cr\u00e9\u00e9e en 2015, sp\u00e9cialis\u00e9e en marketing olfactif. Nous travaillons en partenariat, avec les meilleurs nez de la r\u00e9gion grassoise.\" \/>\n<meta property=\"og:url\" content=\"https:\/\/jb-concept.mc\/en\/\" \/>\n<meta property=\"og:site_name\" content=\"JBconcept\" \/>\n<meta property=\"article:modified_time\" content=\"2020-05-14T06:11:34+00:00\" \/>\n<meta name=\"twitter:card\" content=\"summary_large_image\" \/>\n<script type=\"application\/ld+json\" class=\"yoast-schema-graph\">{\"@context\":\"https:\/\/schema.org\",\"@graph\":[{\"@type\":\"WebPage\",\"@id\":\"https:\/\/jb-concept.mc\/en\/\",\"url\":\"https:\/\/jb-concept.mc\/en\/\",\"name\":\"JBconcept, le marketing olfactif \u00e0 Monaco\",\"isPartOf\":{\"@id\":\"https:\/\/jb-concept.mc\/#website\"},\"datePublished\":\"2017-12-21T08:41:36+00:00\",\"dateModified\":\"2020-05-14T06:11:34+00:00\",\"description\":\"JBconcept est une entreprise mon\u00e9gasque, cr\u00e9\u00e9e en 2015, sp\u00e9cialis\u00e9e en marketing olfactif. Nous travaillons en partenariat, avec les meilleurs nez de la r\u00e9gion grassoise.\",\"breadcrumb\":{\"@id\":\"https:\/\/jb-concept.mc\/en\/#breadcrumb\"},\"inLanguage\":\"en-US\",\"potentialAction\":[{\"@type\":\"ReadAction\",\"target\":[\"https:\/\/jb-concept.mc\/en\/\"]}]},{\"@type\":\"BreadcrumbList\",\"@id\":\"https:\/\/jb-concept.mc\/en\/#breadcrumb\",\"itemListElement\":[{\"@type\":\"ListItem\",\"position\":1,\"name\":\"Accueil\",\"item\":\"https:\/\/jb-concept.mc\/en\/\"},{\"@type\":\"ListItem\",\"position\":2,\"name\":\"Accueil\"}]},{\"@type\":\"WebSite\",\"@id\":\"https:\/\/jb-concept.mc\/#website\",\"url\":\"https:\/\/jb-concept.mc\/\",\"name\":\"JBconcept\",\"description\":\"Un site utilisant WordPress\",\"potentialAction\":[{\"@type\":\"SearchAction\",\"target\":{\"@type\":\"EntryPoint\",\"urlTemplate\":\"https:\/\/jb-concept.mc\/?s={search_term_string}\"},\"query-input\":{\"@type\":\"PropertyValueSpecification\",\"valueRequired\":true,\"valueName\":\"search_term_string\"}}],\"inLanguage\":\"en-US\"}]}<\/script>\n<!-- \/ Yoast SEO plugin. -->","yoast_head_json":{"title":"JBconcept, le marketing olfactif \u00e0 Monaco","description":"JBconcept est une entreprise mon\u00e9gasque, cr\u00e9\u00e9e en 2015, sp\u00e9cialis\u00e9e en marketing olfactif. Nous travaillons en partenariat, avec les meilleurs nez de la r\u00e9gion grassoise.","robots":{"index":"index","follow":"follow","max-snippet":"max-snippet:-1","max-image-preview":"max-image-preview:large","max-video-preview":"max-video-preview:-1"},"canonical":"https:\/\/jb-concept.mc\/en\/","og_locale":"en_US","og_type":"article","og_title":"JBconcept, le marketing olfactif \u00e0 Monaco","og_description":"JBconcept est une entreprise mon\u00e9gasque, cr\u00e9\u00e9e en 2015, sp\u00e9cialis\u00e9e en marketing olfactif. Nous travaillons en partenariat, avec les meilleurs nez de la r\u00e9gion grassoise.","og_url":"https:\/\/jb-concept.mc\/en\/","og_site_name":"JBconcept","article_modified_time":"2020-05-14T06:11:34+00:00","twitter_card":"summary_large_image","schema":{"@context":"https:\/\/schema.org","@graph":[{"@type":"WebPage","@id":"https:\/\/jb-concept.mc\/en\/","url":"https:\/\/jb-concept.mc\/en\/","name":"JBconcept, le marketing olfactif \u00e0 Monaco","isPartOf":{"@id":"https:\/\/jb-concept.mc\/#website"},"datePublished":"2017-12-21T08:41:36+00:00","dateModified":"2020-05-14T06:11:34+00:00","description":"JBconcept est une entreprise mon\u00e9gasque, cr\u00e9\u00e9e en 2015, sp\u00e9cialis\u00e9e en marketing olfactif. Nous travaillons en partenariat, avec les meilleurs nez de la r\u00e9gion grassoise.","breadcrumb":{"@id":"https:\/\/jb-concept.mc\/en\/#breadcrumb"},"inLanguage":"en-US","potentialAction":[{"@type":"ReadAction","target":["https:\/\/jb-concept.mc\/en\/"]}]},{"@type":"BreadcrumbList","@id":"https:\/\/jb-concept.mc\/en\/#breadcrumb","itemListElement":[{"@type":"ListItem","position":1,"name":"Accueil","item":"https:\/\/jb-concept.mc\/en\/"},{"@type":"ListItem","position":2,"name":"Accueil"}]},{"@type":"WebSite","@id":"https:\/\/jb-concept.mc\/#website","url":"https:\/\/jb-concept.mc\/","name":"JBconcept","description":"Un site utilisant WordPress","potentialAction":[{"@type":"SearchAction","target":{"@type":"EntryPoint","urlTemplate":"https:\/\/jb-concept.mc\/?s={search_term_string}"},"query-input":{"@type":"PropertyValueSpecification","valueRequired":true,"valueName":"search_term_string"}}],"inLanguage":"en-US"}]}},"_links":{"self":[{"href":"https:\/\/jb-concept.mc\/en\/wp-json\/wp\/v2\/pages\/375","targetHints":{"allow":["GET"]}}],"collection":[{"href":"https:\/\/jb-concept.mc\/en\/wp-json\/wp\/v2\/pages"}],"about":[{"href":"https:\/\/jb-concept.mc\/en\/wp-json\/wp\/v2\/types\/page"}],"author":[{"embeddable":true,"href":"https:\/\/jb-concept.mc\/en\/wp-json\/wp\/v2\/users\/1"}],"replies":[{"embeddable":true,"href":"https:\/\/jb-concept.mc\/en\/wp-json\/wp\/v2\/comments?post=375"}],"version-history":[{"count":5,"href":"https:\/\/jb-concept.mc\/en\/wp-json\/wp\/v2\/pages\/375\/revisions"}],"predecessor-version":[{"id":983,"href":"https:\/\/jb-concept.mc\/en\/wp-json\/wp\/v2\/pages\/375\/revisions\/983"}],"wp:attachment":[{"href":"https:\/\/jb-concept.mc\/en\/wp-json\/wp\/v2\/media?parent=375"}],"curies":[{"name":"wp","href":"https:\/\/api.w.org\/{rel}","templated":true}]}}